{"id":975,"date":"2025-02-14T01:35:14","date_gmt":"2025-02-14T01:35:14","guid":{"rendered":"https:\/\/adondevoy.ar\/internacionales\/?post_type=product&#038;p=975"},"modified":"2025-02-25T11:57:36","modified_gmt":"2025-02-25T11:57:36","slug":"gramado-y-canela","status":"publish","type":"product","link":"https:\/\/adondevoy.ar\/internacionales\/producto\/gramado-y-canela\/","title":{"rendered":"Gramado y Canela <br><h5 style=\"color:#983295;\">Precio desde U$D 340<\/h5>"},"content":{"rendered":"","protected":false},"excerpt":{"rendered":"<p>Semana Santa<br \/>\nGramado y Canela<br \/>\nCARLOS BARBOZA Y BETO GONCALVEZ &#8211; NOVA PETR\u00d3POLIS<br \/>\n05 D\u00cdAS \/ 03 NOCHES<\/p>\n<p>\u00bfQU\u00c9 INCLUYE?<br \/>\nTransporte<\/p>\n<p>&#x1f68c; Bus MIX (semi cama y cama). Toillete, DVD, M\u00fasica Funcional, climatizado, Bar.<\/p>\n<p>Seguros y Asistencias<\/p>\n<p>Asistencia al viajero. A partir de 75 a\u00f1os adicionar S*** (neto).<br \/>\nExcursiones incluidas:<\/p>\n<p>City tour por Gramado: P\u00f3rtico Alem\u00e1n, Lago Negro, Mundo Zapato, F\u00e1brica de Chocolates.<br \/>\nCity tour por Canela: Catedral de Piedra, Mundo Vapor (visita fotogr\u00e1fica).<br \/>\nTraslado Parque Cascada Caracol.<br \/>\nTraslados a Gramado.<br \/>\nOpcional: Beto Goncalvez y Nova Petr\u00f3polis.<br \/>\nIncluye gu\u00eda profesional &#8211; No incluye entradas a parques, museos y atractivos.<br \/>\nOtros servicios<\/p>\n<p>Coordinador permanente.<br \/>\nServicio de bar a bordo &#8211; Comida a bordo en el viaje de IDA.<br \/>\nFecha de salida<br \/>\n&#x1f4c5; Abril 2025<br \/>\nSalida el 16 de abril<\/p>\n<p>Hotel Tri Canela**<br \/>\nwww.trihoteis.com\/canela<br \/>\n&#x1f4cd; Rua Jos\u00e9 Pedro Piva, 220, Canela RS<br \/>\n&#x2615; Desayuno incluido<\/p>\n<p>&#x1f4b2; Tarifas:<\/p>\n<p>Doble:<strong> USD 340<\/strong><br \/>\nTriple:<strong> USD 320<\/strong><br \/>\nCu\u00e1druple: <strong>USD 310<\/strong><br \/>\n&#x1f6cf;&#xfe0f; Suplemento Single adicionar un 60%<br \/>\n&#x1f476; Pol\u00edtica de Menores: de 0 a 3 a\u00f1os (sin butaca y sin servicios) abona USD 160<\/p>\n<p>&#x1f53b; Adicionales:<\/p>\n<p>Butaca cama: USD 35<\/p>\n<p>&nbsp;<\/p>\n<p>&nbsp;<\/p>\n<p style=\"text-align: center;\"><a style=\"text-decoration: none;\" href=\"https:\/\/adondevoy.ar\/internacionales\/alojamientos-brasil-reserva\/\"><button style=\"background-color: #983295; color: white; font-family: 'Roboto', sans-serif; font-size: 16px; padding: 10px 20px; border: none; border-radius: 5px; cursor: pointer;\">Reservar<\/button><br \/>\n<\/a><\/p>\n<p style=\"text-align: center;\"><a style=\"text-decoration: none;\" href=\"https:\/\/wa.link\/jmy3ty\"><br \/>\n<button style=\"background-color: #25d366; color: white; font-family: 'Roboto', sans-serif; font-size: 16px; padding: 10px 20px; border: none; border-radius: 5px; cursor: pointer;\">Whatsapp<\/button><br \/>\n<\/a><\/p>\n","protected":false},"featured_media":1011,"comment_status":"open","ping_status":"closed","template":"","meta":{"site-sidebar-layout":"default","site-content-layout":"","ast-site-content-layout":"default","site-content-style":"default","site-sidebar-style":"default","ast-global-header-display":"","ast-banner-title-visibility":"","ast-main-header-display":"","ast-hfb-above-header-display":"","ast-hfb-below-header-display":"","ast-hfb-mobile-header-display":"","site-post-title":"","ast-breadcrumbs-content":"","ast-featured-img":"","footer-sml-layout":"","theme-transparent-header-meta":"default","adv-header-id-meta":"","stick-header-meta":"","header-above-stick-meta":"","header-main-stick-meta":"","header-below-stick-meta":"","astra-migrate-meta-layouts":"set","ast-page-background-enabled":"default","ast-page-background-meta":{"desktop":{"background-color":"var(--ast-global-color-4)","background-image":"","background-repeat":"repeat","background-position":"center center","background-size":"auto","background-attachment":"scroll","background-type":"","background-media":"","overlay-type":"","overlay-color":"","overlay-opacity":"","overlay-gradient":""},"tablet":{"background-color":"","background-image":"","background-repeat":"repeat","background-position":"center center","background-size":"auto","background-attachment":"scroll","background-type":"","background-media":"","overlay-type":"","overlay-color":"","overlay-opacity":"","overlay-gradient":""},"mobile":{"background-color":"","background-image":"","background-repeat":"repeat","background-position":"center center","background-size":"auto","background-attachment":"scroll","background-type":"","background-media":"","overlay-type":"","overlay-color":"","overlay-opacity":"","overlay-gradient":""}},"ast-content-background-meta":{"desktop":{"background-color":"var(--ast-global-color-5)","background-image":"","background-repeat":"repeat","background-position":"center center","background-size":"auto","background-attachment":"scroll","background-type":"","background-media":"","overlay-type":"","overlay-color":"","overlay-opacity":"","overlay-gradient":""},"tablet":{"background-color":"var(--ast-global-color-5)","background-image":"","background-repeat":"repeat","background-position":"center center","background-size":"auto","background-attachment":"scroll","background-type":"","background-media":"","overlay-type":"","overlay-color":"","overlay-opacity":"","overlay-gradient":""},"mobile":{"background-color":"var(--ast-global-color-5)","background-image":"","background-repeat":"repeat","background-position":"center center","background-size":"auto","background-attachment":"scroll","background-type":"","background-media":"","overlay-type":"","overlay-color":"","overlay-opacity":"","overlay-gradient":""}}},"product_cat":[35],"product_tag":[],"class_list":{"0":"post-975","1":"product","2":"type-product","3":"status-publish","4":"has-post-thumbnail","6":"product_cat-paquetes-brasil","7":"desktop-align-left","8":"tablet-align-left","9":"mobile-align-left","11":"first","12":"instock","13":"shipping-taxable","14":"product-type-simple"},"jetpack_sharing_enabled":true,"_links":{"self":[{"href":"https:\/\/adondevoy.ar\/internacionales\/wp-json\/wp\/v2\/product\/975","targetHints":{"allow":["GET"]}}],"collection":[{"href":"https:\/\/adondevoy.ar\/internacionales\/wp-json\/wp\/v2\/product"}],"about":[{"href":"https:\/\/adondevoy.ar\/internacionales\/wp-json\/wp\/v2\/types\/product"}],"replies":[{"embeddable":true,"href":"https:\/\/adondevoy.ar\/internacionales\/wp-json\/wp\/v2\/comments?post=975"}],"wp:featuredmedia":[{"embeddable":true,"href":"https:\/\/adondevoy.ar\/internacionales\/wp-json\/wp\/v2\/media\/1011"}],"wp:attachment":[{"href":"https:\/\/adondevoy.ar\/internacionales\/wp-json\/wp\/v2\/media?parent=975"}],"wp:term":[{"taxonomy":"product_cat","embeddable":true,"href":"https:\/\/adondevoy.ar\/internacionales\/wp-json\/wp\/v2\/product_cat?post=975"},{"taxonomy":"product_tag","embeddable":true,"href":"https:\/\/adondevoy.ar\/internacionales\/wp-json\/wp\/v2\/product_tag?post=975"}],"curies":[{"name":"wp","href":"https:\/\/api.w.org\/{rel}","templated":true}]}}